{"id":76,"date":"2025-10-17T09:25:18","date_gmt":"2025-10-17T09:25:18","guid":{"rendered":"https:\/\/www.pro-sicura.it\/?page_id=76"},"modified":"2025-10-24T04:57:55","modified_gmt":"2025-10-24T04:57:55","slug":"aboutus","status":"publish","type":"page","link":"https:\/\/www.pro-sicura.it\/?page_id=76","title":{"rendered":"CHI SIAMO"},"content":{"rendered":"\t\t<div data-elementor-type=\"wp-page\" data-elementor-id=\"76\" class=\"elementor elementor-76\">\n\t\t\t\t<div class=\"elementor-element elementor-element-3a7b991a e-flex e-con-boxed e-con e-parent\" data-id=\"3a7b991a\" data-element_type=\"container\" data-settings=\"{&quot;background_background&quot;:&quot;classic&quot;}\">\n\t\t\t\t\t<div class=\"e-con-inner\">\n\t\t<div class=\"elementor-element elementor-element-3fc2f635 e-con-full e-flex e-con e-child\" data-id=\"3fc2f635\" data-element_type=\"container\">\n\t\t\t\t<div class=\"elementor-element elementor-element-ce89e2d elementor-widget elementor-widget-heading\" data-id=\"ce89e2d\" data-element_type=\"widget\" data-widget_type=\"heading.default\">\n\t\t\t\t\t<h3 class=\"elementor-heading-title elementor-size-default\">Sicurezza e progettazione per ogni magazzino<\/h3>\t\t\t\t<\/div>\n\t\t\t\t<div class=\"elementor-element elementor-element-133f879b elementor-widget__width-initial elementor-invisible elementor-widget elementor-widget-heading\" data-id=\"133f879b\" data-element_type=\"widget\" data-settings=\"{&quot;_animation&quot;:&quot;fadeInUp&quot;,&quot;_animation_delay&quot;:200}\" data-widget_type=\"heading.default\">\n\t\t\t\t\t<h4 class=\"elementor-heading-title elementor-size-default\">Specialisti nella progettazione, installazione e certificazione di scaffalature industriali conformi alle normative UNI EN.<\/h4>\t\t\t\t<\/div>\n\t\t\t\t<\/div>\n\t\t\t\t\t<\/div>\n\t\t\t\t<\/div>\n\t\t<div class=\"elementor-element elementor-element-701421c5 e-flex e-con-boxed e-con e-parent\" data-id=\"701421c5\" data-element_type=\"container\" data-settings=\"{&quot;background_background&quot;:&quot;classic&quot;}\">\n\t\t\t\t\t<div class=\"e-con-inner\">\n\t\t<div class=\"elementor-element elementor-element-65cba70c e-con-full e-flex elementor-invisible e-con e-child\" data-id=\"65cba70c\" data-element_type=\"container\" data-settings=\"{&quot;animation&quot;:&quot;fadeInLeft&quot;}\">\n\t\t\t\t<div class=\"elementor-element elementor-element-c397bbd elementor-widget elementor-widget-heading\" data-id=\"c397bbd\" data-element_type=\"widget\" data-widget_type=\"heading.default\">\n\t\t\t\t\t<h2 class=\"elementor-heading-title elementor-size-default\">Chi Siamo<\/h2>\t\t\t\t<\/div>\n\t\t\t\t<div class=\"elementor-element elementor-element-346bf58e elementor-widget elementor-widget-text-editor\" data-id=\"346bf58e\" data-element_type=\"widget\" data-widget_type=\"text-editor.default\">\n\t\t\t\t\t\t\t\t\t<p>La sicurezza non \u00e8 solo una norma. \u00c8 un modo di pensare, di progettare e di lavorare.Ogni scaffalatura racconta una storia: quella di chi ogni giorno costruisce, sposta, organizza, crea valore.\u00a0 Dietro ogni struttura sicura c\u2019\u00e8 un progetto preciso, uno sguardo attento, una mano esperta.<\/p><p>E dietro ogni progetto c\u2019\u00e8 PROSICURA.<\/p><p>Siamo un\u2019azienda italiana nata dalla volont\u00e0 di unire competenza tecnica e sensibilit\u00e0 umana, per offrire soluzioni che rendano ogni magazzino pi\u00f9 sicuro, efficiente e duraturo nel tempo. Per noi la sicurezza non \u00e8 un obbligo normativo, ma un atto di responsabilit\u00e0 verso le persone e le imprese.<\/p><p>Ogni intervento PROSICURA nasce dall\u2019ascolto, dallo studio e dal rispetto delle normative UNI EN 15635, 15620, 16681 e delle linee guida antisismiche 2023.<\/p><p>Trasformiamo gli obblighi in opportunit\u00e0, costruendo sistemi di stoccaggio ordinati, solidi e consapevoli, perch\u00e9 la sicurezza non si improvvisa: si progetta, si costruisce e si mantiene nel tempo.<\/p>\t\t\t\t\t\t\t\t<\/div>\n\t\t\t\t<div class=\"elementor-element elementor-element-ec1aeae elementor-widget elementor-widget-image\" data-id=\"ec1aeae\" data-element_type=\"widget\" data-widget_type=\"image.default\">\n\t\t\t\t\t\t\t\t\t\t\t\t\t\t\t<img fetchpriority=\"high\" decoding=\"async\" width=\"300\" height=\"300\" src=\"https:\/\/www.pro-sicura.it\/wp-content\/uploads\/2025\/10\/cropped-prosicura-300x300.png\" class=\"attachment-medium size-medium wp-image-111\" alt=\"\" srcset=\"https:\/\/www.pro-sicura.it\/wp-content\/uploads\/2025\/10\/cropped-prosicura-300x300.png 300w, https:\/\/www.pro-sicura.it\/wp-content\/uploads\/2025\/10\/cropped-prosicura-150x150.png 150w, https:\/\/www.pro-sicura.it\/wp-content\/uploads\/2025\/10\/cropped-prosicura-270x270.png 270w, https:\/\/www.pro-sicura.it\/wp-content\/uploads\/2025\/10\/cropped-prosicura-192x192.png 192w, https:\/\/www.pro-sicura.it\/wp-content\/uploads\/2025\/10\/cropped-prosicura-180x180.png 180w, https:\/\/www.pro-sicura.it\/wp-content\/uploads\/2025\/10\/cropped-prosicura-32x32.png 32w, https:\/\/www.pro-sicura.it\/wp-content\/uploads\/2025\/10\/cropped-prosicura.png 512w\" sizes=\"(max-width: 300px) 100vw, 300px\" \/>\t\t\t\t\t\t\t\t\t\t\t\t\t\t\t<\/div>\n\t\t\t\t<\/div>\n\t\t<div class=\"elementor-element elementor-element-220e7203 e-con-full e-flex e-con e-child\" data-id=\"220e7203\" data-element_type=\"container\">\n\t\t\t\t<div class=\"elementor-element elementor-element-a8c7c25 elementor-widget elementor-widget-spacer\" data-id=\"a8c7c25\" data-element_type=\"widget\" data-widget_type=\"spacer.default\">\n\t\t\t\t\t\t\t<div class=\"elementor-spacer\">\n\t\t\t<div class=\"elementor-spacer-inner\"><\/div>\n\t\t<\/div>\n\t\t\t\t\t\t<\/div>\n\t\t\t\t<div class=\"elementor-element elementor-element-73db090 elementor-widget elementor-widget-heading\" data-id=\"73db090\" data-element_type=\"widget\" data-widget_type=\"heading.default\">\n\t\t\t\t\t<h2 class=\"elementor-heading-title elementor-size-default\">Mission<\/h2>\t\t\t\t<\/div>\n\t\t\t\t<div class=\"elementor-element elementor-element-fd6a469 elementor-widget elementor-widget-text-editor\" data-id=\"fd6a469\" data-element_type=\"widget\" data-widget_type=\"text-editor.default\">\n\t\t\t\t\t\t\t\t\t<p>Progettiamo sicurezza, costruiamo fiducia.<\/p><p>La nostra missione \u00e8 semplice ma profonda: creare magazzini dove la sicurezza diventa tranquillit\u00e0 e la precisione diventa fiducia. Ogni giorno uniamo competenza tecnica, ascolto e passione, per dare vita a spazi di lavoro funzionali, sicuri e armoniosi, dove ogni persona possa operare con serenit\u00e0.<\/p><p>Per noi sicurezza significa prevenzione, formazione e continuit\u00e0: un percorso che accompagna il cliente nel tempo, con attenzione, presenza e responsabilit\u00e0.<\/p>\t\t\t\t\t\t\t\t<\/div>\n\t\t\t\t<div class=\"elementor-element elementor-element-f3a3cb6 elementor-widget elementor-widget-heading\" data-id=\"f3a3cb6\" data-element_type=\"widget\" data-widget_type=\"heading.default\">\n\t\t\t\t\t<h2 class=\"elementor-heading-title elementor-size-default\">Vision<\/h2>\t\t\t\t<\/div>\n\t\t\t\t<div class=\"elementor-element elementor-element-4481aaf elementor-widget elementor-widget-text-editor\" data-id=\"4481aaf\" data-element_type=\"widget\" data-widget_type=\"text-editor.default\">\n\t\t\t\t\t\t\t\t\t<p>Vogliamo cambiare il modo in cui le aziende percepiscono la sicurezza.<\/p><p>Il nostro sogno \u00e8 un\u2019Italia industriale in cui ogni magazzino sia progettato con intelligenza, rispetto e consapevolezza. Un futuro in cui la sicurezza non venga pi\u00f9 vista come un costo ma come una scelta strategica di valore e crescita.<\/p><p>Perch\u00e9 fare le cose in sicurezza non significa spendere di pi\u00f9, ma risparmiare nel tempo, ottimizzando spazi, processi e risorse. Significa proteggere il proprio personale, ridurre i rischi e costruire un ambiente di lavoro dove l\u2019efficienza e il benessere camminano insieme.<\/p><p>In PROSICURA vogliamo essere un punto di riferimento nazionale per la progettazione e la gestione sicura delle scaffalature industriali: un partner tecnico e umano, capace di accompagnare le imprese con chiarezza, innovazione e competenza.<\/p><p>Il futuro appartiene a chi lavora bene, con precisione e rispetto.<\/p>\t\t\t\t\t\t\t\t<\/div>\n\t\t\t\t<\/div>\n\t\t\t\t\t<\/div>\n\t\t\t\t<\/div>\n\t\t\t\t<\/div>\n\t\t","protected":false},"excerpt":{"rendered":"<p>Sicurezza e progettazione per ogni magazzino Specialisti nella progettazione, installazione e certificazione di scaffalature industriali conformi alle normative UNI EN. Chi Siamo La sicurezza non \u00e8 solo una norma. \u00c8 un modo di pensare, di progettare e di lavorare.Ogni scaffalatura racconta una storia: quella di chi ogni giorno costruisce, sposta, organizza, crea valore.\u00a0 Dietro ogni [&hellip;]<\/p>\n","protected":false},"author":1,"featured_media":0,"parent":0,"menu_order":0,"comment_status":"closed","ping_status":"closed","template":"elementor_header_footer","meta":{"footnotes":""},"class_list":["post-76","page","type-page","status-publish","hentry"],"_links":{"self":[{"href":"https:\/\/www.pro-sicura.it\/index.php?rest_route=\/wp\/v2\/pages\/76","targetHints":{"allow":["GET"]}}],"collection":[{"href":"https:\/\/www.pro-sicura.it\/index.php?rest_route=\/wp\/v2\/pages"}],"about":[{"href":"https:\/\/www.pro-sicura.it\/index.php?rest_route=\/wp\/v2\/types\/page"}],"author":[{"embeddable":true,"href":"https:\/\/www.pro-sicura.it\/index.php?rest_route=\/wp\/v2\/users\/1"}],"replies":[{"embeddable":true,"href":"https:\/\/www.pro-sicura.it\/index.php?rest_route=%2Fwp%2Fv2%2Fcomments&post=76"}],"version-history":[{"count":36,"href":"https:\/\/www.pro-sicura.it\/index.php?rest_route=\/wp\/v2\/pages\/76\/revisions"}],"predecessor-version":[{"id":437,"href":"https:\/\/www.pro-sicura.it\/index.php?rest_route=\/wp\/v2\/pages\/76\/revisions\/437"}],"wp:attachment":[{"href":"https:\/\/www.pro-sicura.it\/index.php?rest_route=%2Fwp%2Fv2%2Fmedia&parent=76"}],"curies":[{"name":"wp","href":"https:\/\/api.w.org\/{rel}","templated":true}]}}